{"id":36,"date":"2023-07-18T22:54:31","date_gmt":"2023-07-18T20:54:31","guid":{"rendered":"https:\/\/jonathanlouvel.fr\/?page_id=36"},"modified":"2023-07-18T22:59:24","modified_gmt":"2023-07-18T20:59:24","slug":"garantie","status":"publish","type":"page","link":"https:\/\/jonathanlouvel.fr\/?page_id=36","title":{"rendered":"Garantie"},"content":{"rendered":"\n<p>Le coach est garant du cadre, et le coach\u00e9 garant du r\u00e9sultat.<\/p>\n\n\n\n<p>Je m\u2019engage \u00e0 offrir \u00e0 mes clients un cadre s\u00e9curis\u00e9, confidentiel et bienveillant r\u00e9pondant au code de d\u00e9ontologie de la profession.<\/p>\n\n\n\n<p>Je d\u00e9ploierai tous les moyens \u00e0 travers les outils et connaissances que j\u2019ai acquis lors d\u2019un processus de certification pour vous accompagner vers des prises de conscience, d\u00e9passer vos freins, et atteindre vos objectifs.<\/p>\n","protected":false},"excerpt":{"rendered":"<p>Le coach est garant du cadre, et le coach\u00e9 garant du r\u00e9sultat. Je m\u2019engage \u00e0 offrir \u00e0 mes clients un cadre s\u00e9curis\u00e9, confidentiel et bienveillant r\u00e9pondant au code de d\u00e9ontologie de la profession. Je d\u00e9ploierai tous les moyens \u00e0 travers les outils et connaissances que j\u2019ai acquis lors d\u2019un processus de certification pour vous accompagner [&hellip;]<\/p>\n","protected":false},"author":1,"featured_media":0,"parent":0,"menu_order":0,"comment_status":"closed","ping_status":"closed","template":"","meta":{"om_disable_all_campaigns":false,"_monsterinsights_skip_tracking":false,"_monsterinsights_sitenote_active":false,"_monsterinsights_sitenote_note":"","_monsterinsights_sitenote_category":0,"_uf_show_specific_survey":0,"_uf_disable_surveys":false,"footnotes":""},"class_list":["post-36","page","type-page","status-publish","hentry"],"aioseo_notices":[],"_links":{"self":[{"href":"https:\/\/jonathanlouvel.fr\/index.php?rest_route=\/wp\/v2\/pages\/36","targetHints":{"allow":["GET"]}}],"collection":[{"href":"https:\/\/jonathanlouvel.fr\/index.php?rest_route=\/wp\/v2\/pages"}],"about":[{"href":"https:\/\/jonathanlouvel.fr\/index.php?rest_route=\/wp\/v2\/types\/page"}],"author":[{"embeddable":true,"href":"https:\/\/jonathanlouvel.fr\/index.php?rest_route=\/wp\/v2\/users\/1"}],"replies":[{"embeddable":true,"href":"https:\/\/jonathanlouvel.fr\/index.php?rest_route=%2Fwp%2Fv2%2Fcomments&post=36"}],"version-history":[{"count":2,"href":"https:\/\/jonathanlouvel.fr\/index.php?rest_route=\/wp\/v2\/pages\/36\/revisions"}],"predecessor-version":[{"id":47,"href":"https:\/\/jonathanlouvel.fr\/index.php?rest_route=\/wp\/v2\/pages\/36\/revisions\/47"}],"wp:attachment":[{"href":"https:\/\/jonathanlouvel.fr\/index.php?rest_route=%2Fwp%2Fv2%2Fmedia&parent=36"}],"curies":[{"name":"wp","href":"https:\/\/api.w.org\/{rel}","templated":true}]}}