{"id":111,"date":"2023-07-19T02:32:46","date_gmt":"2023-07-19T00:32:46","guid":{"rendered":"https:\/\/jonathanlouvel.fr\/?page_id=111"},"modified":"2023-07-19T02:32:46","modified_gmt":"2023-07-19T00:32:46","slug":"coaching-11-2","status":"publish","type":"page","link":"https:\/\/jonathanlouvel.fr\/?page_id=111","title":{"rendered":"Coaching 1:1"},"content":{"rendered":"\n<p>Qu&rsquo;il s&rsquo;agisse d&rsquo;un coaching personnel ou professionnel, je propose des s\u00e9ances d&rsquo;accompagnement individuel, et ce durant toute la dur\u00e9e du processus.<\/p>\n\n\n\n<p>Dans le cadre d&rsquo;un accompagnement en milieu professionnel, un contrat tripartite sera \u00e9tabli entre le donneur d&rsquo;ordre, le coach\u00e9, et le coach. <\/p>\n","protected":false},"excerpt":{"rendered":"<p>Qu&rsquo;il s&rsquo;agisse d&rsquo;un coaching personnel ou professionnel, je propose des s\u00e9ances d&rsquo;accompagnement individuel, et ce durant toute la dur\u00e9e du processus. Dans le cadre d&rsquo;un accompagnement en milieu professionnel, un contrat tripartite sera \u00e9tabli entre le donneur d&rsquo;ordre, le coach\u00e9, et le coach.<\/p>\n","protected":false},"author":1,"featured_media":0,"parent":0,"menu_order":0,"comment_status":"closed","ping_status":"closed","template":"","meta":{"om_disable_all_campaigns":false,"_monsterinsights_skip_tracking":false,"_monsterinsights_sitenote_active":false,"_monsterinsights_sitenote_note":"","_monsterinsights_sitenote_category":0,"_uf_show_specific_survey":0,"_uf_disable_surveys":false,"footnotes":""},"class_list":["post-111","page","type-page","status-publish","hentry"],"aioseo_notices":[],"_links":{"self":[{"href":"https:\/\/jonathanlouvel.fr\/index.php?rest_route=\/wp\/v2\/pages\/111","targetHints":{"allow":["GET"]}}],"collection":[{"href":"https:\/\/jonathanlouvel.fr\/index.php?rest_route=\/wp\/v2\/pages"}],"about":[{"href":"https:\/\/jonathanlouvel.fr\/index.php?rest_route=\/wp\/v2\/types\/page"}],"author":[{"embeddable":true,"href":"https:\/\/jonathanlouvel.fr\/index.php?rest_route=\/wp\/v2\/users\/1"}],"replies":[{"embeddable":true,"href":"https:\/\/jonathanlouvel.fr\/index.php?rest_route=%2Fwp%2Fv2%2Fcomments&post=111"}],"version-history":[{"count":1,"href":"https:\/\/jonathanlouvel.fr\/index.php?rest_route=\/wp\/v2\/pages\/111\/revisions"}],"predecessor-version":[{"id":112,"href":"https:\/\/jonathanlouvel.fr\/index.php?rest_route=\/wp\/v2\/pages\/111\/revisions\/112"}],"wp:attachment":[{"href":"https:\/\/jonathanlouvel.fr\/index.php?rest_route=%2Fwp%2Fv2%2Fmedia&parent=111"}],"curies":[{"name":"wp","href":"https:\/\/api.w.org\/{rel}","templated":true}]}}