{"id":108,"date":"2023-07-19T02:06:25","date_gmt":"2023-07-19T00:06:25","guid":{"rendered":"https:\/\/jonathanlouvel.fr\/?page_id=108"},"modified":"2024-12-17T16:08:14","modified_gmt":"2024-12-17T15:08:14","slug":"coaching-personnel-2","status":"publish","type":"page","link":"https:\/\/jonathanlouvel.fr\/?page_id=108","title":{"rendered":"Coaching personnel"},"content":{"rendered":"\n<p>Vous avez un objectif, un projet, une ambition, une r\u00e9solution.<\/p>\n\n\n\n<p>B\u00e9n\u00e9ficiez d\u2019un accompagnement personnalis\u00e9 qui vise \u00e0 vous aider \u00e0 atteindre vos objectifs personnels et professionnels pour atteindre votre prochain pas.<\/p>\n\n\n\n<p>\u00ab\u00a0Je manque de motivation, je manque de confiance en moi, j\u2019aimerais changer de m\u00e9tier mais je ne sais pas vers quoi, j\u2019ai un projet mais ne sais pas par o\u00f9 commencer\u00a0\u00bb. Voici un humble \u00e9chantillon de probl\u00e9matiques qui reviennent souvent en accompagnement individualis\u00e9.<\/p>\n\n\n\n<p>Le coaching personnel vous offrira une approche sur mesure pour vous aider \u00e0 d\u00e9velopper et atteindre votre plein potentiel.<\/p>\n","protected":false},"excerpt":{"rendered":"<p>Vous avez un objectif, un projet, une ambition, une r\u00e9solution. B\u00e9n\u00e9ficiez d\u2019un accompagnement personnalis\u00e9 qui vise \u00e0 vous aider \u00e0 atteindre vos objectifs personnels et professionnels pour atteindre votre prochain pas. \u00ab\u00a0Je manque de motivation, je manque de confiance en moi, j\u2019aimerais changer de m\u00e9tier mais je ne sais pas vers quoi, j\u2019ai un projet [&hellip;]<\/p>\n","protected":false},"author":1,"featured_media":0,"parent":0,"menu_order":0,"comment_status":"closed","ping_status":"closed","template":"","meta":{"om_disable_all_campaigns":false,"_monsterinsights_skip_tracking":false,"_monsterinsights_sitenote_active":false,"_monsterinsights_sitenote_note":"","_monsterinsights_sitenote_category":0,"_uf_show_specific_survey":0,"_uf_disable_surveys":false,"footnotes":""},"class_list":["post-108","page","type-page","status-publish","hentry"],"aioseo_notices":[],"_links":{"self":[{"href":"https:\/\/jonathanlouvel.fr\/index.php?rest_route=\/wp\/v2\/pages\/108","targetHints":{"allow":["GET"]}}],"collection":[{"href":"https:\/\/jonathanlouvel.fr\/index.php?rest_route=\/wp\/v2\/pages"}],"about":[{"href":"https:\/\/jonathanlouvel.fr\/index.php?rest_route=\/wp\/v2\/types\/page"}],"author":[{"embeddable":true,"href":"https:\/\/jonathanlouvel.fr\/index.php?rest_route=\/wp\/v2\/users\/1"}],"replies":[{"embeddable":true,"href":"https:\/\/jonathanlouvel.fr\/index.php?rest_route=%2Fwp%2Fv2%2Fcomments&post=108"}],"version-history":[{"count":2,"href":"https:\/\/jonathanlouvel.fr\/index.php?rest_route=\/wp\/v2\/pages\/108\/revisions"}],"predecessor-version":[{"id":163,"href":"https:\/\/jonathanlouvel.fr\/index.php?rest_route=\/wp\/v2\/pages\/108\/revisions\/163"}],"wp:attachment":[{"href":"https:\/\/jonathanlouvel.fr\/index.php?rest_route=%2Fwp%2Fv2%2Fmedia&parent=108"}],"curies":[{"name":"wp","href":"https:\/\/api.w.org\/{rel}","templated":true}]}}