{"id":105,"date":"2023-07-19T02:02:20","date_gmt":"2023-07-19T00:02:20","guid":{"rendered":"https:\/\/jonathanlouvel.fr\/?page_id=105"},"modified":"2024-12-17T16:17:27","modified_gmt":"2024-12-17T15:17:27","slug":"coaching-professionnel-2","status":"publish","type":"page","link":"https:\/\/jonathanlouvel.fr\/?page_id=105","title":{"rendered":"Coaching professionnel"},"content":{"rendered":"\n<p>D\u00e9veloppement de la performance, du potentiel, de la motivation, l\u2019atteinte d\u2019objectif, la r\u00e9solution de conflit, le positionnement. Voici autant de raisons qui motivent un coaching en milieu professionnel.<\/p>\n\n\n\n<p>Je propose des s\u00e9ances de coaching individuelles \u00e0 tout(e) salari\u00e9(e), manager ou dirigeant(e) rencontrant une probl\u00e9matique li\u00e9e \u00e0 son environnement professionnel. Qu\u2019elle soit d\u2019ordre op\u00e9rationnel ou relationnel.<\/p>\n\n\n\n<p>Cet accompagnement aura pour r\u00e9sultat d\u2019augmenter le d\u00e9veloppement de la soci\u00e9t\u00e9\/activit\u00e9\/\u00e9quipe, d\u2019am\u00e9liorer le bien-\u00eatre au travail, et contribuera \u00e0 la p\u00e9rennisation de ses collaborateurs.<\/p>\n\n\n\n<p>Le coaching peut \u00eatre requis par le\/la salari\u00e9(e) aupr\u00e8s de son employeur, ou bien directement command\u00e9 par l\u2019employeur pour son\/sa salari\u00e9(e).<\/p>\n\n\n\n<p>Apr\u00e8s un premier contact, je transmets un devis sur mesure en fonction des besoins formul\u00e9s, du nombre de s\u00e9ances souhait\u00e9es et de l\u2019objectif vis\u00e9.<\/p>\n\n\n\n<p>Un contrat tripartite sera alors sign\u00e9 entre le donneur d\u2019ordre, le\/la coach\u00e9(e) et moi-m\u00eame.<\/p>\n\n\n\n<p>Le nombre de s\u00e9ances peut \u00eatre contractualis\u00e9 d\u00e8s le d\u00e9but, ou bien s\u2019articuler selon l\u2019avancement du coaching.<\/p>\n\n\n\n<p>J\u2019interviens principalement via une plateforme en distanciel. Je peux cependant me d\u00e9placer sur votre lieu de travail selon l\u2019emplacement g\u00e9ographique en Ile-de-France.<\/p>\n\n\n\n<p><\/p>\n","protected":false},"excerpt":{"rendered":"<p>D\u00e9veloppement de la performance, du potentiel, de la motivation, l\u2019atteinte d\u2019objectif, la r\u00e9solution de conflit, le positionnement. Voici autant de raisons qui motivent un coaching en milieu professionnel. Je propose des s\u00e9ances de coaching individuelles \u00e0 tout(e) salari\u00e9(e), manager ou dirigeant(e) rencontrant une probl\u00e9matique li\u00e9e \u00e0 son environnement professionnel. Qu\u2019elle soit d\u2019ordre op\u00e9rationnel ou relationnel. [&hellip;]<\/p>\n","protected":false},"author":1,"featured_media":0,"parent":0,"menu_order":0,"comment_status":"closed","ping_status":"closed","template":"","meta":{"om_disable_all_campaigns":false,"_monsterinsights_skip_tracking":false,"_monsterinsights_sitenote_active":false,"_monsterinsights_sitenote_note":"","_monsterinsights_sitenote_category":0,"_uf_show_specific_survey":0,"_uf_disable_surveys":false,"footnotes":""},"class_list":["post-105","page","type-page","status-publish","hentry"],"aioseo_notices":[],"_links":{"self":[{"href":"https:\/\/jonathanlouvel.fr\/index.php?rest_route=\/wp\/v2\/pages\/105","targetHints":{"allow":["GET"]}}],"collection":[{"href":"https:\/\/jonathanlouvel.fr\/index.php?rest_route=\/wp\/v2\/pages"}],"about":[{"href":"https:\/\/jonathanlouvel.fr\/index.php?rest_route=\/wp\/v2\/types\/page"}],"author":[{"embeddable":true,"href":"https:\/\/jonathanlouvel.fr\/index.php?rest_route=\/wp\/v2\/users\/1"}],"replies":[{"embeddable":true,"href":"https:\/\/jonathanlouvel.fr\/index.php?rest_route=%2Fwp%2Fv2%2Fcomments&post=105"}],"version-history":[{"count":3,"href":"https:\/\/jonathanlouvel.fr\/index.php?rest_route=\/wp\/v2\/pages\/105\/revisions"}],"predecessor-version":[{"id":166,"href":"https:\/\/jonathanlouvel.fr\/index.php?rest_route=\/wp\/v2\/pages\/105\/revisions\/166"}],"wp:attachment":[{"href":"https:\/\/jonathanlouvel.fr\/index.php?rest_route=%2Fwp%2Fv2%2Fmedia&parent=105"}],"curies":[{"name":"wp","href":"https:\/\/api.w.org\/{rel}","templated":true}]}}